{"id":12,"date":"2009-10-29T19:10:59","date_gmt":"2009-10-29T18:10:59","guid":{"rendered":"http:\/\/www.tempoflute.com\/?page_id=12"},"modified":"2024-10-19T14:06:05","modified_gmt":"2024-10-19T12:06:05","slug":"theme-2","status":"publish","type":"page","link":"http:\/\/www.tempoflute.com\/?page_id=12","title":{"rendered":"Livres"},"content":{"rendered":"<p>Une s\u00e9lection de livres, article en pdf, mise \u00e0 jour octobre 2024\u00a0 \u00a0: <a href=\"http:\/\/www.tempoflute.com\/wp-content\/uploads\/2024\/10\/Selection-de-livres-2020-2024.pdf\">Se\u0301lection de livres (2020-2024)<\/a><\/p>\n<p><a href=\"http:\/\/www.tempoflute.com\/?page_id=1354\"><strong>Roger Bourdin ou l\u2019art de la passion partag\u00e9e<\/strong>.<\/a><br \/>\nItin\u00e9raire d\u2019un fl\u00fbtiste virtuose sans fronti\u00e8re et musicien complet<br \/>\nPour la premi\u00e8re fois para\u00eet un livre consacr\u00e9 \u00e0 Roger Bourdin (1923-1976). Autre premi\u00e8re, celle de la biographie de son ma\u00eetre Fernand Caratg\u00e9 (1902-1991) r\u00e9unie \u00e0 la pr\u00e9c\u00e9dente au sein de cet ouvrage en deux volumes de grand format, illustr\u00e9s, comptant pour le premier 448<br \/>\npages. On y trouvera la vie et carri\u00e8re de musicien classique et de vari\u00e9t\u00e9 de Roger Bourdin, fl\u00fbtiste, chef d\u2019orchestre et compositeur, les histoires, elles aussi jamais retrac\u00e9es, de quarante ann\u00e9es des Concerts Lamoureux et de cent ans du conservatoire de Versailles, compl\u00e9t\u00e9es par<br \/>\nbien d\u2019autres chapitres et bien des r\u00e9v\u00e9lations sur des sujets jamais trait\u00e9s ou trait\u00e9s de mani\u00e8re erron\u00e9e. L\u2019extr\u00eame diversit\u00e9 des activit\u00e9s de Roger Bourdin, en classique comme en vari\u00e9t\u00e9, jointe aux domaines propres \u00e0 Fernand Caratg\u00e9, de la Roumanie des ann\u00e9es vingt \u00e0<br \/>\nl\u2019Op\u00e9ra-Comique, nous entra\u00eene dans un p\u00e9riple aux directions multiples t\u00e9moignant d\u2019une \u00e9poque r\u00e9volue riche en enseignements et servant de socle aux \u00e9volutions ult\u00e9rieures. On trouvera \u00e9galement diverses remont\u00e9es aux sources plongeant dans le XIXe si\u00e8cle et l\u2019\u00e9vocation d\u2019une multitude d\u2019acteurs du monde musical dans cet ouvrage de Pascal Gresset, fruit de nombreuses ann\u00e9es de recherches.<br \/>\nAvec la liste des compositions de Roger Bourdin et la discographie monumentale du fl\u00fbtiste, classique et de vari\u00e9t\u00e9, r\u00e9alis\u00e9e par Philippe Bourdin.<br \/>\n\u00c9ditions Tempo fl\u00fbte, Association d\u2019histoire de la fl\u00fbte fran\u00e7aise<br \/>\nEn vente en librairie sp\u00e9cialis\u00e9e d\u00e8s 2024<br \/>\nou au <a href=\"http:\/\/www.tempoflute.com\/wp-content\/uploads\/2023\/12\/Bulletin-de-commande-livre-et-revues.pdf\">si\u00e8ge de l\u2019association \u00e0 partir de novembre 2023<\/a><br \/>\nLes deux volumes : 62 \u20ac<br \/>\nTempo fl\u00fbte, 7 rue Louis Pasteur, 95770 Saint-Clair-sur-Epte, France<\/p>\n<p><a href=\"http:\/\/www.tempoflute.com\/wp-content\/uploads\/2017\/07\/tempo-flute-titre-logo.jpg\"><img loading=\"lazy\" decoding=\"async\" class=\"size-medium wp-image-1059\" src=\"http:\/\/www.tempoflute.com\/wp-content\/uploads\/2017\/07\/tempo-flute-titre-logo-300x220.jpg\" alt=\"Logo Tempo Fl\u00fbte\" width=\"300\" height=\"220\" srcset=\"http:\/\/www.tempoflute.com\/wp-content\/uploads\/2017\/07\/tempo-flute-titre-logo-300x220.jpg 300w, http:\/\/www.tempoflute.com\/wp-content\/uploads\/2017\/07\/tempo-flute-titre-logo.jpg 818w\" sizes=\"auto, (max-width: 300px) 100vw, 300px\" \/><\/a><\/p>\n","protected":false},"excerpt":{"rendered":"<p>Une s\u00e9lection de livres, article en pdf, mise \u00e0 jour octobre 2024\u00a0 \u00a0: Se\u0301lection de livres (2020-2024) Roger Bourdin ou l\u2019art de la passion partag\u00e9e. Itin\u00e9raire d\u2019un fl\u00fbtiste virtuose sans fronti\u00e8re et musicien complet Pour la premi\u00e8re fois para\u00eet un livre consacr\u00e9 \u00e0 Roger Bourdin (1923-1976). Autre premi\u00e8re, celle de la biographie de son ma\u00eetre [&hellip;]<\/p>\n","protected":false},"author":1,"featured_media":0,"parent":0,"menu_order":0,"comment_status":"closed","ping_status":"closed","template":"","meta":{"footnotes":""},"class_list":["post-12","page","type-page","status-publish","hentry"],"_links":{"self":[{"href":"http:\/\/www.tempoflute.com\/index.php?rest_route=\/wp\/v2\/pages\/12","targetHints":{"allow":["GET"]}}],"collection":[{"href":"http:\/\/www.tempoflute.com\/index.php?rest_route=\/wp\/v2\/pages"}],"about":[{"href":"http:\/\/www.tempoflute.com\/index.php?rest_route=\/wp\/v2\/types\/page"}],"author":[{"embeddable":true,"href":"http:\/\/www.tempoflute.com\/index.php?rest_route=\/wp\/v2\/users\/1"}],"replies":[{"embeddable":true,"href":"http:\/\/www.tempoflute.com\/index.php?rest_route=%2Fwp%2Fv2%2Fcomments&post=12"}],"version-history":[{"count":47,"href":"http:\/\/www.tempoflute.com\/index.php?rest_route=\/wp\/v2\/pages\/12\/revisions"}],"predecessor-version":[{"id":1406,"href":"http:\/\/www.tempoflute.com\/index.php?rest_route=\/wp\/v2\/pages\/12\/revisions\/1406"}],"wp:attachment":[{"href":"http:\/\/www.tempoflute.com\/index.php?rest_route=%2Fwp%2Fv2%2Fmedia&parent=12"}],"curies":[{"name":"wp","href":"https:\/\/api.w.org\/{rel}","templated":true}]}}