{"id":1354,"date":"2023-11-03T14:48:44","date_gmt":"2023-11-03T13:48:44","guid":{"rendered":"http:\/\/www.tempoflute.com\/?page_id=1354"},"modified":"2025-11-07T17:46:14","modified_gmt":"2025-11-07T16:46:14","slug":"roger-bourdin-lart-de-la-passion-partagee-volumes-1-et-2","status":"publish","type":"page","link":"http:\/\/www.tempoflute.com\/?page_id=1354","title":{"rendered":"Roger Bourdin"},"content":{"rendered":"\n<p><em>Roger Bourdin<\/em><br><em>ou l\u2019art de la passion partag\u00e9e<\/em><br>Itin\u00e9raire d\u2019un fl\u00fbtiste virtuose sans fronti\u00e8res et musicien complet.<br>Pour la premi\u00e8re fois para\u00eet un livre consacr\u00e9 \u00e0 Roger Bourdin (1923-1976). Autre premi\u00e8re,<br>celle de la biographie de son ma\u00eetre Fernand Caratg\u00e9 (1902-1991) r\u00e9unie \u00e0 la pr\u00e9c\u00e9dente au<br>sein de cet ouvrage en deux volumes de grand format, illustr\u00e9s, comptant pour le premier 448<br>pages. On y trouvera la vie et carri\u00e8re de musicien classique et de vari\u00e9t\u00e9 de Roger Bourdin,<br>fl\u00fbtiste, chef d\u2019orchestre et compositeur, les histoires, elles aussi jamais retrac\u00e9es, de quarante<br>ann\u00e9es des Concerts Lamoureux et de cent ans du conservatoire de Versailles, compl\u00e9t\u00e9es par<br>bien d\u2019autres chapitres et bien des r\u00e9v\u00e9lations sur des sujets jamais trait\u00e9s ou trait\u00e9s de<br>mani\u00e8re erron\u00e9e. L\u2019extr\u00eame diversit\u00e9 des activit\u00e9s de Roger Bourdin, en classique comme en<br>vari\u00e9t\u00e9, jointe aux domaines propres \u00e0 Fernand Caratg\u00e9, de la Roumanie des ann\u00e9es vingt \u00e0<br>l\u2019Op\u00e9ra-Comique, nous entra\u00eene dans un p\u00e9riple aux directions multiples t\u00e9moignant d\u2019une<br>\u00e9poque r\u00e9volue riche en enseignements et servant de socle aux \u00e9volutions ult\u00e9rieures. On<br>trouvera \u00e9galement diverses remont\u00e9es aux sources plongeant dans le XIXe si\u00e8cle et<br>l\u2019\u00e9vocation d\u2019une multitude d\u2019acteurs du monde musical dans cet ouvrage de Pascal Gresset,<br>fruit de nombreuses ann\u00e9es de recherches.<br>Avec la liste des compositions de Roger Bourdin et la discographie monumentale du fl\u00fbtiste,<br>classique et de vari\u00e9t\u00e9, r\u00e9alis\u00e9e par Philippe Bourdin.<br>2 volumes, plus de 1000 pages, \u00e9ditions <em>Tempo fl\u00fbte<\/em>, Association d\u2019histoire de la fl\u00fbte fran\u00e7aise<br>En vente \u00e0 la librairie musicale Monnier, rue de Rome, Paris, 8\u00e8me arrondt.<br>ou au si\u00e8ge de l&rsquo;association t\u00e9l\u00e9charger le bulletin  <a href=\"http:\/\/www.tempoflute.com\/?page_id=240\" data-type=\"page\" data-id=\"240\">Adh\u00e9sion<\/a><br>Les deux volumes : 70 \u20ac (hors frais d&rsquo;envoi). <br>Tempo fl\u00fbte, 7 rue Louis Pasteur, 95770 Saint-Clair-sur-Epte, France<\/p>\n\n\n\n<div data-wp-interactive=\"core\/file\" class=\"wp-block-file\"><object data-wp-bind--hidden=\"!state.hasPdfPreview\" hidden class=\"wp-block-file__embed\" data=\"http:\/\/www.tempoflute.com\/wp-content\/uploads\/2023\/11\/Biographie-de-Roger-Bourdin-Vol.-1-couverture.pdf\" type=\"application\/pdf\" style=\"width:100%;height:600px\" aria-label=\"Contenu embarqu\u00e9 Biographie de Roger Bourdin-Vol. 1-couverture.\"><\/object><a id=\"wp-block-file--media-b61d7b61-52ea-409d-ab70-0a31d151aa2f\" href=\"http:\/\/www.tempoflute.com\/wp-content\/uploads\/2023\/11\/Biographie-de-Roger-Bourdin-Vol.-1-couverture.pdf\">Biographie de Roger Bourdin-Vol. 1-couverture<\/a><a href=\"http:\/\/www.tempoflute.com\/wp-content\/uploads\/2023\/11\/Biographie-de-Roger-Bourdin-Vol.-1-couverture.pdf\" class=\"wp-block-file__button wp-element-button\" download aria-describedby=\"wp-block-file--media-b61d7b61-52ea-409d-ab70-0a31d151aa2f\">T\u00e9l\u00e9charger<\/a><\/div>\n","protected":false},"excerpt":{"rendered":"<p>Roger Bourdinou l\u2019art de la passion partag\u00e9eItin\u00e9raire d\u2019un fl\u00fbtiste virtuose sans fronti\u00e8res et musicien complet.Pour la premi\u00e8re fois para\u00eet un livre consacr\u00e9 \u00e0 Roger Bourdin (1923-1976). Autre premi\u00e8re,celle de la biographie de son ma\u00eetre Fernand Caratg\u00e9 (1902-1991) r\u00e9unie \u00e0 la pr\u00e9c\u00e9dente ausein de cet ouvrage en deux volumes de grand format, illustr\u00e9s, comptant pour le [&hellip;]<\/p>\n","protected":false},"author":1,"featured_media":0,"parent":0,"menu_order":0,"comment_status":"closed","ping_status":"closed","template":"","meta":{"footnotes":""},"class_list":["post-1354","page","type-page","status-publish","hentry"],"_links":{"self":[{"href":"http:\/\/www.tempoflute.com\/index.php?rest_route=\/wp\/v2\/pages\/1354","targetHints":{"allow":["GET"]}}],"collection":[{"href":"http:\/\/www.tempoflute.com\/index.php?rest_route=\/wp\/v2\/pages"}],"about":[{"href":"http:\/\/www.tempoflute.com\/index.php?rest_route=\/wp\/v2\/types\/page"}],"author":[{"embeddable":true,"href":"http:\/\/www.tempoflute.com\/index.php?rest_route=\/wp\/v2\/users\/1"}],"replies":[{"embeddable":true,"href":"http:\/\/www.tempoflute.com\/index.php?rest_route=%2Fwp%2Fv2%2Fcomments&post=1354"}],"version-history":[{"count":15,"href":"http:\/\/www.tempoflute.com\/index.php?rest_route=\/wp\/v2\/pages\/1354\/revisions"}],"predecessor-version":[{"id":1481,"href":"http:\/\/www.tempoflute.com\/index.php?rest_route=\/wp\/v2\/pages\/1354\/revisions\/1481"}],"wp:attachment":[{"href":"http:\/\/www.tempoflute.com\/index.php?rest_route=%2Fwp%2Fv2%2Fmedia&parent=1354"}],"curies":[{"name":"wp","href":"https:\/\/api.w.org\/{rel}","templated":true}]}}