{"id":16,"date":"2009-10-31T11:06:56","date_gmt":"2009-10-31T10:06:56","guid":{"rendered":"http:\/\/www.tempoflute.com\/?page_id=16"},"modified":"2026-02-02T15:17:12","modified_gmt":"2026-02-02T14:17:12","slug":"theme-4","status":"publish","type":"page","link":"http:\/\/www.tempoflute.com\/?page_id=16","title":{"rendered":"CD DVD"},"content":{"rendered":"<p><strong>les\u00a0 CD d&rsquo;enregistrements historiques, l&rsquo;Ecole fran\u00e7aise de fl\u00fbte (\u00e9dition Claude Dorgeuille,) vol. 1 et 2 et 4 \u00e9puis\u00e9s, vol. 3, 5 et 6 disponibles. 7,90 euros l&rsquo;unit\u00e9. Frais d&rsquo;envoi en sus. S&rsquo;adresser \u00e0 l&rsquo;association.<\/strong><\/p>\n<p>Une s\u00e9lection de CD et DVD de fl\u00fbte publi\u00e9s r\u00e9cemment : <a href=\"http:\/\/www.tempoflute.com\/wp-content\/uploads\/2026\/02\/Selection-de-disques-2023-2025.pdf\">Se\u0301lection de disques-2023-2025<\/a> (mise \u00e0 jour 2025)<\/p>\n<p><a href=\"http:\/\/www.andreaoliva.com\/\">Andrea Oliva<\/a> ; <a href=\"http:\/\/www.raffaeletrevisani.com\/\">Raffaele Trevisani<\/a> ; Maurice Sharp ;Jeremy Steig ;<a href=\"http:\/\/www.juergenfranz.com\/\">J\u00fcrgen Franz<\/a> ; <a href=\"http:\/\/www.naxos.com\/person\/Bela_Drahos_31561\/31561.htm\">B\u00e9la Drahos<\/a> ; Galina Doychinova ; Jean-Michel Tanguy ; <a href=\"http:\/\/www.philippebernold.fr\/chef-d-orchestre-flutiste.html\">Philippe Bernold<\/a> ; Thies Roorda ;<a href=\"http:\/\/www.tatjana-ruhland.de\/\">Tatjana Ruhland<\/a> ; Peter Fridholm ; Jean-Louis Beaumadier ; Sandrine Fran\u00e7ois ; <a href=\"http:\/\/www.emmanuelpahud.net\/\">Emmanuel Pahud<\/a> ; <a href=\"http:\/\/www.juliettehurel.com\/\">Juliette Hurel <\/a>; Collegium classicum ;Sharon Bezaly ;Vincent Lucas ; <a href=\"http:\/\/www.emilybeynon.com\/\">Emily Beynon<\/a> ; Christian Plouvier ; Fenwick Smith ; <a href=\"http:\/\/www.tetraflutes.ch\/\">Ensemble <\/a>T\u00e9trafl\u00fbtes ; Concert de l\u2019Hostel<a href=\"http:\/\/www.concert-hosteldieu.com\/-rubrique1-.html\"> Dieu <\/a>; \u00c9tienne Lecomte ; <a href=\"http:\/\/www.riendereede.nl\/curriculum.php?language=eng\">Rien de Reede<\/a> ; <a href=\"http:\/\/www.iflute.com\/\">Jeffrey Khaner<\/a> ; <a href=\"http:\/\/www.myspace.com\/bouzondominique\">Dominique Bouzon<\/a> ; <a href=\"http:\/\/www.jamesgalway.com\/\">James Galway<\/a> ;\u00a0 <a href=\"http:\/\/www.jeannegalway.com\/\">Jeanne Galway<\/a> ;Thaddeus Watson ; <a href=\"http:\/\/sebastian-wittiber.de\/Sebastian_Wittiber\/Konzerte.html\">Sebastian <\/a>Wittiber ; <a href=\"http:\/\/www.hindemith-quintett.de\/clara_andrada_de_la_calle.html\">Clara Andrada de la Calle<\/a> ;<a href=\"http:\/\/www.aldobaerten.be\/fr\/hnews.php\">Aldo <\/a>Baerten ; Brigitte Buxtorf ; <a href=\"http:\/\/www.tilly-lebozec.com\/\">Sandrine Tilly<\/a> ; Ginevra Petrucci ; Richard Adeney, <a href=\"http:\/\/www.williambennettflute.com\/\">William Bennett<\/a>, Roger Bourdin, Patrick Gallois, Irina Grafenauer, <a href=\"http:\/\/www.andreagriminelli.com\/eng\/index.htm\">Andrea <\/a>Griminelli, Timothy Hutchins, Kenneth Smith ; <a href=\"http:\/\/www.maxence-larrieu.fr\/\">Maxence Larrieu<\/a> ; Claude Monteux ;Julie Scolnik ; Soyoung Lee ; <a href=\"http:\/\/hervehotier.com\/\">Herv\u00e9 Hotier<\/a> ; <a href=\"http:\/\/www.katesteinbeck.com\/\">Kate Steinbeck<\/a> ; <a href=\"http:\/\/www.christianledelezir.com\/\">Christian Le D\u00e9l\u00e9zir<\/a> ; <a href=\"http:\/\/ritadarcangelo.com\/\">Rita D&rsquo;Arcangelo<\/a> ; Mathieu Dufour ; Patricia Nagle ; <a href=\"http:\/\/www.richardcraig.net\/\">Richard Craig<\/a> ; Claudi Arimany ; Julie Stewart ; <a href=\"http:\/\/www.paulathomas.org\/\">Paula Thomas<\/a> ; <a href=\"http:\/\/mapage.noos.fr\/estela\/Bernard.html\">Bernard Wystraete<\/a> ; <a href=\"http:\/\/www.noemigyori.com\/\">No\u00e9mi Gy\u00f6ri<\/a> ; <a href=\"http:\/\/www.towardshumanity.org\/\">Wissam Boustany<\/a> ; <a href=\"http:\/\/www.andyfindon.co.uk\/\">Andy Findon<\/a> ; <a href=\"http:\/\/jocelynaubrun.fr\/\">Jocelyn Aubrun<\/a> \u00a0 ; <a href=\"http:\/\/www.sibelpensel.com\/index.html\">Sibel Pensel<\/a> ; <a href=\"http:\/\/www.elisabeth-moest.de\/\">Elisabeth M\u00f6st<\/a><\/p>\n<p><strong>\u00a0<\/strong><\/p>\n<p><img loading=\"lazy\" decoding=\"async\" class=\"alignleft size-medium wp-image-1059\" src=\"http:\/\/www.tempoflute.com\/wp-content\/uploads\/2017\/07\/tempo-flute-titre-logo-300x220.jpg\" alt=\"\" width=\"300\" height=\"220\" srcset=\"http:\/\/www.tempoflute.com\/wp-content\/uploads\/2017\/07\/tempo-flute-titre-logo-300x220.jpg 300w, http:\/\/www.tempoflute.com\/wp-content\/uploads\/2017\/07\/tempo-flute-titre-logo.jpg 818w\" sizes=\"auto, (max-width: 300px) 100vw, 300px\" \/><\/p>\n","protected":false},"excerpt":{"rendered":"<p>les\u00a0 CD d&rsquo;enregistrements historiques, l&rsquo;Ecole fran\u00e7aise de fl\u00fbte (\u00e9dition Claude Dorgeuille,) vol. 1 et 2 et 4 \u00e9puis\u00e9s, vol. 3, 5 et 6 disponibles. 7,90 euros l&rsquo;unit\u00e9. Frais d&rsquo;envoi en sus. S&rsquo;adresser \u00e0 l&rsquo;association. Une s\u00e9lection de CD et DVD de fl\u00fbte publi\u00e9s r\u00e9cemment : Se\u0301lection de disques-2023-2025 (mise \u00e0 jour 2025) Andrea Oliva ; [&hellip;]<\/p>\n","protected":false},"author":1,"featured_media":0,"parent":0,"menu_order":0,"comment_status":"closed","ping_status":"closed","template":"","meta":{"footnotes":""},"class_list":["post-16","page","type-page","status-publish","hentry"],"_links":{"self":[{"href":"http:\/\/www.tempoflute.com\/index.php?rest_route=\/wp\/v2\/pages\/16","targetHints":{"allow":["GET"]}}],"collection":[{"href":"http:\/\/www.tempoflute.com\/index.php?rest_route=\/wp\/v2\/pages"}],"about":[{"href":"http:\/\/www.tempoflute.com\/index.php?rest_route=\/wp\/v2\/types\/page"}],"author":[{"embeddable":true,"href":"http:\/\/www.tempoflute.com\/index.php?rest_route=\/wp\/v2\/users\/1"}],"replies":[{"embeddable":true,"href":"http:\/\/www.tempoflute.com\/index.php?rest_route=%2Fwp%2Fv2%2Fcomments&post=16"}],"version-history":[{"count":136,"href":"http:\/\/www.tempoflute.com\/index.php?rest_route=\/wp\/v2\/pages\/16\/revisions"}],"predecessor-version":[{"id":1492,"href":"http:\/\/www.tempoflute.com\/index.php?rest_route=\/wp\/v2\/pages\/16\/revisions\/1492"}],"wp:attachment":[{"href":"http:\/\/www.tempoflute.com\/index.php?rest_route=%2Fwp%2Fv2%2Fmedia&parent=16"}],"curies":[{"name":"wp","href":"https:\/\/api.w.org\/{rel}","templated":true}]}}