{"id":2,"date":"2009-10-29T13:20:41","date_gmt":"2009-10-29T12:20:41","guid":{"rendered":"http:\/\/www.tempoflute.com\/?page_id=2"},"modified":"2025-11-07T17:48:11","modified_gmt":"2025-11-07T16:48:11","slug":"a-propos","status":"publish","type":"page","link":"http:\/\/www.tempoflute.com\/?page_id=2","title":{"rendered":"Contact"},"content":{"rendered":"<p>Pour contacter l&rsquo;association d&rsquo;histoire de la fl\u00fbte fran\u00e7aise, r\u00e9digez un courriel :<\/p>\n<p>tempoflute(arobase)live.fr<\/p>\n<p>Pour commander\u00a0 les revues Tempo Fl\u00fbte, \u00a0t\u00e9l\u00e9chargez le formulaire en pdf :<\/p>\n<p><a href=\"http:\/\/www.tempoflute.com\/wp-content\/uploads\/2025\/11\/Bulletin-de-commande-revues-et-livre.pdf\">Bulletin de commande-revues et livre<\/a><\/p>\n<p><img loading=\"lazy\" decoding=\"async\" class=\"alignleft size-medium wp-image-1059\" src=\"http:\/\/www.tempoflute.com\/wp-content\/uploads\/2017\/07\/tempo-flute-titre-logo-300x220.jpg\" alt=\"\" width=\"300\" height=\"220\" srcset=\"http:\/\/www.tempoflute.com\/wp-content\/uploads\/2017\/07\/tempo-flute-titre-logo-300x220.jpg 300w, http:\/\/www.tempoflute.com\/wp-content\/uploads\/2017\/07\/tempo-flute-titre-logo.jpg 818w\" sizes=\"auto, (max-width: 300px) 100vw, 300px\" \/><\/p>\n","protected":false},"excerpt":{"rendered":"<p>Pour contacter l&rsquo;association d&rsquo;histoire de la fl\u00fbte fran\u00e7aise, r\u00e9digez un courriel : tempoflute(arobase)live.fr Pour commander\u00a0 les revues Tempo Fl\u00fbte, \u00a0t\u00e9l\u00e9chargez le formulaire en pdf : Bulletin de commande-revues et livre<\/p>\n","protected":false},"author":1,"featured_media":0,"parent":0,"menu_order":0,"comment_status":"closed","ping_status":"closed","template":"","meta":{"footnotes":""},"class_list":["post-2","page","type-page","status-publish","hentry"],"_links":{"self":[{"href":"http:\/\/www.tempoflute.com\/index.php?rest_route=\/wp\/v2\/pages\/2","targetHints":{"allow":["GET"]}}],"collection":[{"href":"http:\/\/www.tempoflute.com\/index.php?rest_route=\/wp\/v2\/pages"}],"about":[{"href":"http:\/\/www.tempoflute.com\/index.php?rest_route=\/wp\/v2\/types\/page"}],"author":[{"embeddable":true,"href":"http:\/\/www.tempoflute.com\/index.php?rest_route=\/wp\/v2\/users\/1"}],"replies":[{"embeddable":true,"href":"http:\/\/www.tempoflute.com\/index.php?rest_route=%2Fwp%2Fv2%2Fcomments&post=2"}],"version-history":[{"count":34,"href":"http:\/\/www.tempoflute.com\/index.php?rest_route=\/wp\/v2\/pages\/2\/revisions"}],"predecessor-version":[{"id":1482,"href":"http:\/\/www.tempoflute.com\/index.php?rest_route=\/wp\/v2\/pages\/2\/revisions\/1482"}],"wp:attachment":[{"href":"http:\/\/www.tempoflute.com\/index.php?rest_route=%2Fwp%2Fv2%2Fmedia&parent=2"}],"curies":[{"name":"wp","href":"https:\/\/api.w.org\/{rel}","templated":true}]}}