{"id":282,"date":"2010-02-24T18:58:50","date_gmt":"2010-02-24T17:58:50","guid":{"rendered":"http:\/\/www.tempoflute.com\/?page_id=282"},"modified":"2025-11-07T17:49:27","modified_gmt":"2025-11-07T16:49:27","slug":"liens","status":"publish","type":"page","link":"http:\/\/www.tempoflute.com\/?page_id=282","title":{"rendered":"Liens"},"content":{"rendered":"<p><strong>O\u00f9 trouver Tempo Fl\u00fbte ?<\/strong><\/p>\n<p><a href=\"http:\/\/www.tempoflute.com\/wp-content\/uploads\/2025\/11\/Bulletin-de-commande-revues-et-livre.pdf\">Bulletin de commande-revues et livre<\/a><\/p>\n<p>&nbsp;<\/p>\n<ul>\n<li>Librairie Monnier 55 rue de Rome 75008 &#8211; Paris, T\u00e9l 01 45 22 14 28. www.laflutedepan.com<\/li>\n<li><a href=\"https:\/\/rogerbourdin.org\/index.php\">Roger Bourdin<\/a><\/li>\n<\/ul>\n<p>&nbsp;<\/p>\n<p>&nbsp;<\/p>\n<p><img loading=\"lazy\" decoding=\"async\" class=\"alignleft size-medium wp-image-1059\" src=\"http:\/\/www.tempoflute.com\/wp-content\/uploads\/2017\/07\/tempo-flute-titre-logo-300x220.jpg\" alt=\"\" width=\"300\" height=\"220\" srcset=\"http:\/\/www.tempoflute.com\/wp-content\/uploads\/2017\/07\/tempo-flute-titre-logo-300x220.jpg 300w, http:\/\/www.tempoflute.com\/wp-content\/uploads\/2017\/07\/tempo-flute-titre-logo.jpg 818w\" sizes=\"auto, (max-width: 300px) 100vw, 300px\" \/><\/p>\n\n\n<p><\/p>\n","protected":false},"excerpt":{"rendered":"<p>O\u00f9 trouver Tempo Fl\u00fbte ? Bulletin de commande-revues et livre &nbsp; Librairie Monnier 55 rue de Rome 75008 &#8211; Paris, T\u00e9l 01 45 22 14 28. www.laflutedepan.com Roger Bourdin &nbsp; &nbsp;<\/p>\n","protected":false},"author":1,"featured_media":0,"parent":0,"menu_order":0,"comment_status":"closed","ping_status":"closed","template":"","meta":{"footnotes":""},"class_list":["post-282","page","type-page","status-publish","hentry"],"_links":{"self":[{"href":"http:\/\/www.tempoflute.com\/index.php?rest_route=\/wp\/v2\/pages\/282","targetHints":{"allow":["GET"]}}],"collection":[{"href":"http:\/\/www.tempoflute.com\/index.php?rest_route=\/wp\/v2\/pages"}],"about":[{"href":"http:\/\/www.tempoflute.com\/index.php?rest_route=\/wp\/v2\/types\/page"}],"author":[{"embeddable":true,"href":"http:\/\/www.tempoflute.com\/index.php?rest_route=\/wp\/v2\/users\/1"}],"replies":[{"embeddable":true,"href":"http:\/\/www.tempoflute.com\/index.php?rest_route=%2Fwp%2Fv2%2Fcomments&post=282"}],"version-history":[{"count":67,"href":"http:\/\/www.tempoflute.com\/index.php?rest_route=\/wp\/v2\/pages\/282\/revisions"}],"predecessor-version":[{"id":1483,"href":"http:\/\/www.tempoflute.com\/index.php?rest_route=\/wp\/v2\/pages\/282\/revisions\/1483"}],"wp:attachment":[{"href":"http:\/\/www.tempoflute.com\/index.php?rest_route=%2Fwp%2Fv2%2Fmedia&parent=282"}],"curies":[{"name":"wp","href":"https:\/\/api.w.org\/{rel}","templated":true}]}}