{"id":489,"date":"2012-03-27T16:40:20","date_gmt":"2012-03-27T15:40:20","guid":{"rendered":"http:\/\/www.tempoflute.com\/?page_id=489"},"modified":"2026-02-02T15:23:05","modified_gmt":"2026-02-02T14:23:05","slug":"annonces","status":"publish","type":"page","link":"http:\/\/www.tempoflute.com\/?page_id=489","title":{"rendered":"Annonces"},"content":{"rendered":"<p><strong>Information importante<\/strong> : \u00a0Sont plac\u00e9es sur cette page des annonces concernant des stages, des concours et des ventes. Seuls les abonn\u00e9s de la revue \u00a0<em>Tempo Fl\u00fbte<\/em> peuvent proposer la publication d&rsquo;une annonce.<\/p>\n<p><strong>1\u00b0 Concours<\/strong><\/p>\n<ul>\n<li>Le vingt-et-uni\u00e8me<a href=\"https:\/\/www.cimcl.fr\/\"> concours international de musique de chambre de Lyon<\/a>, consacr\u00e9 cette ann\u00e9e au Quintette \u00e0 vent, se d\u00e9roulera du 14 au 18 avril 2026.<\/li>\n<\/ul>\n<p><strong>2\u00b0 Stages &#8211; Festivals<\/strong><\/p>\n<p>Festival \u00ab\u00a0Occi Fl\u00fbtes\u00a0\u00bb en m\u00e9moire de Fran\u00e7ois Laurent, 8 et 9 f\u00e9vrier 2025 \u00e0 Muret.<\/p>\n<p><a href=\"http:\/\/www.tempoflute.com\/wp-content\/uploads\/2025\/01\/Festival-depliant.pdf\">Festival d\u00e9pliant<\/a><\/p>\n<p><strong>3\u00b0 Ventes<\/strong><\/p>\n<p><img loading=\"lazy\" decoding=\"async\" class=\"alignleft size-medium wp-image-1059\" src=\"http:\/\/www.tempoflute.com\/wp-content\/uploads\/2017\/07\/tempo-flute-titre-logo-300x220.jpg\" alt=\"\" width=\"300\" height=\"220\" srcset=\"http:\/\/www.tempoflute.com\/wp-content\/uploads\/2017\/07\/tempo-flute-titre-logo-300x220.jpg 300w, http:\/\/www.tempoflute.com\/wp-content\/uploads\/2017\/07\/tempo-flute-titre-logo.jpg 818w\" sizes=\"auto, (max-width: 300px) 100vw, 300px\" \/><\/p>\n","protected":false},"excerpt":{"rendered":"<p>Information importante : \u00a0Sont plac\u00e9es sur cette page des annonces concernant des stages, des concours et des ventes. Seuls les abonn\u00e9s de la revue \u00a0Tempo Fl\u00fbte peuvent proposer la publication d&rsquo;une annonce. 1\u00b0 Concours Le vingt-et-uni\u00e8me concours international de musique de chambre de Lyon, consacr\u00e9 cette ann\u00e9e au Quintette \u00e0 vent, se d\u00e9roulera du 14 [&hellip;]<\/p>\n","protected":false},"author":1,"featured_media":0,"parent":0,"menu_order":0,"comment_status":"closed","ping_status":"closed","template":"","meta":{"footnotes":""},"class_list":["post-489","page","type-page","status-publish","hentry"],"_links":{"self":[{"href":"http:\/\/www.tempoflute.com\/index.php?rest_route=\/wp\/v2\/pages\/489","targetHints":{"allow":["GET"]}}],"collection":[{"href":"http:\/\/www.tempoflute.com\/index.php?rest_route=\/wp\/v2\/pages"}],"about":[{"href":"http:\/\/www.tempoflute.com\/index.php?rest_route=\/wp\/v2\/types\/page"}],"author":[{"embeddable":true,"href":"http:\/\/www.tempoflute.com\/index.php?rest_route=\/wp\/v2\/users\/1"}],"replies":[{"embeddable":true,"href":"http:\/\/www.tempoflute.com\/index.php?rest_route=%2Fwp%2Fv2%2Fcomments&post=489"}],"version-history":[{"count":176,"href":"http:\/\/www.tempoflute.com\/index.php?rest_route=\/wp\/v2\/pages\/489\/revisions"}],"predecessor-version":[{"id":1494,"href":"http:\/\/www.tempoflute.com\/index.php?rest_route=\/wp\/v2\/pages\/489\/revisions\/1494"}],"wp:attachment":[{"href":"http:\/\/www.tempoflute.com\/index.php?rest_route=%2Fwp%2Fv2%2Fmedia&parent=489"}],"curies":[{"name":"wp","href":"https:\/\/api.w.org\/{rel}","templated":true}]}}