{"id":7,"date":"2009-10-29T19:05:38","date_gmt":"2009-10-29T18:05:38","guid":{"rendered":"http:\/\/www.tempoflute.com\/?page_id=7"},"modified":"2025-11-14T18:02:44","modified_gmt":"2025-11-14T17:02:44","slug":"theme-1","status":"publish","type":"page","link":"http:\/\/www.tempoflute.com\/?page_id=7","title":{"rendered":"Revue"},"content":{"rendered":"<p align=\"center\"><strong>Tempo fl\u00fbte est la revue semestrielle de l\u2019association<\/strong><\/p>\n<p align=\"center\"><strong>\u00ab\u00a0Tempo fl\u00fbte-association d\u2019histoire de la fl\u00fbte fran\u00e7aise \u00bb.<\/strong><\/p>\n<p align=\"center\"><strong>Une revue semestrielle de 64 pages en couleurs, 22 num\u00e9ros publi\u00e9s de 2009 \u00e0 2020. L&rsquo;association continue \u00e0 \u00e9diter des num\u00e9ros sp\u00e9ciaux \u00e0 th\u00e8me : Telemann (2012), Demersseman (2014), B\u00f6hm (2014), Bourdin (2023-2025), Morceaux d&rsquo;ensemble du Conservatoire, 1844-1857 (2025), voir ci-dessous.<\/strong><\/p>\n<p align=\"center\">Tempo Fl\u00fbte est disponible : <a href=\"http:\/\/www.tempoflute.com\/wp-content\/uploads\/2025\/11\/Bulletin-de-commande-revues-et-livre.pdf\">Bulletin de commande-revues et livre<\/a> La revue aussi est en d\u00e9p\u00f4t chez des<a href=\"http:\/\/www.tempoflute.com\/?page_id=282\"> libraires<\/a><\/p>\n<p align=\"center\"><strong>\u00a0SOMMAIRES DES NUM\u00c9ROS\u00a0PARUS<\/strong><\/p>\n<p style=\"text-align: left;\" align=\"center\"><a href=\"http:\/\/www.tempoflute.com\/wp-content\/uploads\/2025\/03\/Tempo-flute-Sommaires.pdf\">Tempo flu\u0302te-Sommaires<\/a><\/p>\n<p style=\"text-align: left;\" align=\"center\"><span class=\"\" data-olk-copy-source=\"MessageBody\">\u00a0<\/span><b class=\"\">Les morceaux d\u2019ensemble pour les auditions des laur\u00e9ats du Conservatoire (1844-1857), <\/b>par Raymond Lapie, mars 2025, 70 p.<\/p>\n<p style=\"text-align: left;\" align=\"center\"><strong><a href=\"http:\/\/www.tempoflute.com\/?page_id=1354\">\u00a0Roger Bourdin, l&rsquo;art de la passion partag\u00e9e<\/a>, vol 1 et 2,\u00a0 2025,<\/strong> num\u00e9ros sp\u00e9ciaux. env. 1000 p.<\/p>\n<p style=\"text-align: left;\" align=\"center\"><strong>N\u00b022 (deuxi\u00e8me semestre 2020)<\/strong><\/p>\n<ul>\n<li style=\"text-align: left;\">Jean Michel Varache, entretien.<\/li>\n<li style=\"text-align: left;\">Artisans de fl\u00fbte et pand\u00e9mie, 9 artisans en temps de pand\u00e9mie.<\/li>\n<li style=\"text-align: left;\">\u00ab\u00a0<em>Sortez-moi de l\u00e0<\/em>\u00a0\u00bb ou les m\u00e9moires de Jeremy Steig.<\/li>\n<li style=\"text-align: left;\">La fl\u00fbte dans l&rsquo;\u00e9criture orchestrale des compositeurs italiens d&rsquo;op\u00e9ra au XIX \u00e8me s.<\/li>\n<li style=\"text-align: left;\">Gariboldi : premi\u00e8res ann\u00e9es en Italie et \u00e0 Paris.<\/li>\n<li style=\"text-align: left;\">Un regard sur l&rsquo;enseignement de Roger Bourdin<\/li>\n<li style=\"text-align: left;\">Parutions, partitions, livres.<\/li>\n<\/ul>\n<p style=\"text-align: left;\" align=\"center\"><strong>N\u00b0 21 (1er semestre 2020)<\/strong><\/p>\n<ul>\n<li>\u00a0Emily Beynon, entretien.<\/li>\n<li>Concours: Maxence-Larrrieu, Th B\u00f6hm, Nielsen<\/li>\n<li>\u00a0Parmenon, une fl\u00fbte aux chemin\u00e9es en ligne<\/li>\n<li>Quantz et Agricole, une controverse<\/li>\n<li>Compositeurs, Alain Fourchotte<\/li>\n<li>Un conseil Europ\u00e9en de la fl\u00fbte.<\/li>\n<li>\u00a0Festivals : Russie, Ukraine, Pays Baltes, Bi\u00e9lorussie.<\/li>\n<\/ul>\n<p style=\"text-align: left;\" align=\"center\"><strong>N\u00b0 20 (2\u00e8me semestre 2019) <\/strong><\/p>\n<ul>\n<li style=\"text-align: left;\">Silvia Careddu ;<\/li>\n<li style=\"text-align: left;\">Severino Gazzeloni ;<\/li>\n<li style=\"text-align: left;\">Parmenon chez Buffet-Crampon ;<\/li>\n<li style=\"text-align: left;\">Une fl\u00fbte en cristal \u00e0 Vichy ;<\/li>\n<li style=\"text-align: left;\">Claude Dorgeuille ;<\/li>\n<li style=\"text-align: left;\">Andr\u00e9 Jaunet (III);<\/li>\n<li style=\"text-align: left;\">Anna Bon di Venezia;<\/li>\n<li style=\"text-align: left;\">Roger Tessier (II);<\/li>\n<li>\u00a0CD, partitions, livres.<\/li>\n<\/ul>\n<p style=\"text-align: left;\" align=\"center\"><strong>N\u00b0 19 (1er semestre 2019)<\/strong><\/p>\n<ul>\n<li style=\"text-align: left;\">Philippe Lesgourgues, une nouvelle m\u00e9thode ;<\/li>\n<li style=\"text-align: left;\">Andr\u00e9 Jaunet (II) ;<\/li>\n<li style=\"text-align: left;\">la cl\u00e9 de si b\u00e9mol B\u00f6hm ou Briccialdi ;<\/li>\n<li style=\"text-align: left;\">F.L. Dulon, Mozart, Wendling et les fl\u00fbtes Boie ;<\/li>\n<li style=\"text-align: left;\">Jolivet et Messiaen ;<\/li>\n<li style=\"text-align: left;\">Th. B\u00f6hm, oeuvres d\u00e9di\u00e9es ;<\/li>\n<li style=\"text-align: left;\">Roger Tessier ;<\/li>\n<li style=\"text-align: left;\">CD, partitions, livres.<\/li>\n<\/ul>\n<p style=\"text-align: left;\" align=\"center\"><strong>N\u00b0 18 (2\u00e8me semestre 2018)<\/strong><\/p>\n<ul>\n<li style=\"text-align: left;\">\u00a0Claire Soubeyran (1949-2018)<\/li>\n<li style=\"text-align: left;\">Andr\u00e9 Jaunet<\/li>\n<li style=\"text-align: left;\">\u00a0Une extension du r\u00e9pertoire au XIX\u00e8me Si\u00e8cle, F. et C. Doppler, G. Briccialdi, autour de B\u00f6hm<\/li>\n<li style=\"text-align: left;\">Alain Louvier compositeur<\/li>\n<li style=\"text-align: left;\">Partitions, CD.<\/li>\n<\/ul>\n<p style=\"text-align: left;\" align=\"center\"><strong>N\u00b0 17 (1er semestre 2018)<\/strong><\/p>\n<ul>\n<li style=\"text-align: left;\">Antonio Arias<\/li>\n<li style=\"text-align: left;\">Passion de Bach BWV 244 : une fl\u00fbte d&rsquo;amour ?<\/li>\n<li style=\"text-align: left;\">\u00a0cet ivoire dont on faisait les fl\u00fbtes<\/li>\n<li style=\"text-align: left;\">Ph. Allain-Dupr\u00e9 : des fl\u00fbtes anciennes<\/li>\n<li style=\"text-align: left;\">Gradisca, des artistes au service de publics emp\u00each\u00e9s<\/li>\n<li style=\"text-align: left;\">festivals Woerden, Erevan, Kawasaki<\/li>\n<li style=\"text-align: left;\">s\u00e9lection p\u00e9dagogique de professeurs<\/li>\n<li>CD, partitions<\/li>\n<\/ul>\n<p style=\"text-align: left;\" align=\"center\"><strong>N\u00b016 (2\u00e8me semestre 2017)<\/strong><\/p>\n<ul>\n<li style=\"text-align: left;\">Philippe Boucly<\/li>\n<li style=\"text-align: left;\">Stefan Ragnar H\u00f6lskuldsson<\/li>\n<li style=\"text-align: left;\">Flutes Emanuel<\/li>\n<li style=\"text-align: left;\">L&rsquo;Histoire du Tango<\/li>\n<li style=\"text-align: left;\">Embouchures Mancke<\/li>\n<li style=\"text-align: left;\">La collection Ventzke<\/li>\n<li style=\"text-align: left;\">Jouer \u00e0 l&rsquo;h\u00f4pital<\/li>\n<li style=\"text-align: left;\">CD, partitions<\/li>\n<\/ul>\n<p style=\"text-align: left;\" align=\"center\"><strong>N\u00b0 15 (1er semestre 2017)<\/strong><\/p>\n<ul>\n<li style=\"text-align: left;\">Gaby Pas-Van Riet, entretien<\/li>\n<li style=\"text-align: left;\">Deux \u0153uvres de Thierry P\u00e9licant<\/li>\n<li style=\"text-align: left;\">\u00a0Bickford Brannen<\/li>\n<li style=\"text-align: left;\">\u00a0Les fl\u00fbtes Parmenon (II)<\/li>\n<li style=\"text-align: left;\">\u00a0Troisi\u00e8me Concours B\u00f4hm de Munich<\/li>\n<li style=\"text-align: left;\">\u00a0<strong>\u00a0<\/strong>Festivals de fl\u00fbtes<\/li>\n<li style=\"text-align: left;\">Souvenirs d&rsquo;Aur\u00e8le Nicolet (II)<\/li>\n<li><strong>\u00a0<\/strong>CD, partitions, livres.<\/li>\n<\/ul>\n<p style=\"text-align: left;\" align=\"center\"><strong>N\u00b0 14 (2\u00e8me semestre 2016)<\/strong><\/p>\n<ul>\n<li style=\"text-align: left;\">Philippe Bernold.<\/li>\n<li style=\"text-align: left;\">Enseigner la musique comme un art : une exp\u00e9rience, un livre<\/li>\n<li style=\"text-align: left;\">Les concertos RV 443 et 445, une hypoth\u00e8se.<\/li>\n<li style=\"text-align: left;\">Les fl\u00fbtes Parmenon (I).<\/li>\n<li style=\"text-align: left;\">Souvenirs d&rsquo;Aur\u00e8le Nicolet, un artiste complet (I).<\/li>\n<li style=\"text-align: left;\">A propos de Ren\u00e9 Le Roy, l&rsquo;erreur ; Le Roy, Jaunet, un t\u00e9moignage.<\/li>\n<li style=\"text-align: left;\">J\u00e9r\u00e9my Steig.<\/li>\n<li style=\"text-align: left;\">Disques et partitions.<\/li>\n<\/ul>\n<p style=\"text-align: left;\" align=\"center\"><strong>N\u00b013 (1er semestre 2016)<\/strong><\/p>\n<ul>\n<li style=\"text-align: left;\">Patrick Gallois.<\/li>\n<li style=\"text-align: left;\">Le troisi\u00e8me concours Maxence Larrieu de Nice.<\/li>\n<li style=\"text-align: left;\">Dominique Lema\u00eetre, le compositeur et la fl\u00fbte.<\/li>\n<li style=\"text-align: left;\">La fl\u00fbte dans l&rsquo;oeuvre de Christophe Bertrand (II).<\/li>\n<li style=\"text-align: left;\">Musique espagnole du XX\u00e8me Si\u00e8cle pour fl\u00fbte et piano.<\/li>\n<li style=\"text-align: left;\">Une fl\u00fbte \u00e0 gauche, entretien avec Ian Grimm et panorama.<\/li>\n<li style=\"text-align: left;\">La cl\u00e9 de sol di\u00e8se ferm\u00e9e (III).<\/li>\n<li style=\"text-align: left;\">le kaval.<\/li>\n<li style=\"text-align: left;\">Trois festivals, Reykjavik, Canberra, Bangkok.<\/li>\n<li style=\"text-align: left;\">Disques, partitions et livres.<\/li>\n<\/ul>\n<p style=\"text-align: left;\" align=\"center\"><strong>N\u00b012 (2\u00e8me semestre 2015)<\/strong><\/p>\n<ul>\n<li style=\"text-align: left;\">Barthold Kuijken, Jean Fran\u00e7ois Alizon, r\u00e9flexions autour de deux livres.<\/li>\n<li style=\"text-align: left;\">Soyoung Lee, entretien.<\/li>\n<li style=\"text-align: left;\">Prokofiev et le son a\u00e9rien de G. Barr\u00e8re, la Sonate pour fl\u00fbte.<\/li>\n<li style=\"text-align: left;\">La fl\u00fbte dans l&rsquo;oeuvre de Christophe Bertrand.<\/li>\n<li style=\"text-align: left;\">Th. B\u00f6hm et la cl\u00e9 de sol # ouverte (II).<\/li>\n<li>La M\u00e9thode de fl\u00fbte de Sophie Deshayes.<\/li>\n<\/ul>\n<p style=\"text-align: left;\"><strong>N\u00b0 11 (1er semestre 2015)<\/strong><\/p>\n<ul>\n<li>Les fl\u00fbtes Abell<\/li>\n<li>la fabrication d&rsquo;une fl\u00fbte<\/li>\n<li>Philippe Bernold professeur au Conservatoire.<\/li>\n<li>les 80 ans de Maxence Larrieu<\/li>\n<li>Charles-Marie Widor et la fl\u00fbte<\/li>\n<li>B\u00f6hm et la cl\u00e9 de sol di\u00e8se.<\/li>\n<li>J. H. Stuntz, le 1er concerto pour fl\u00fbte B\u00f6hm<\/li>\n<li>Un point de vue sur les conventions<\/li>\n<li>Aborder le r\u00e9pertoire baroque<\/li>\n<li>Fl\u00fbte jeu th\u00e8me.<\/li>\n<\/ul>\n<p><strong>Num\u00e9ro sp\u00e9cial 2014 : <\/strong><strong>B\u00f6hm et Demersseman, deux figures du XIX\u00e8me Si\u00e8cle. Cette parution in\u00e9dite est en deux volumes disponibles s\u00e9par\u00e9ment \u00a0aupr\u00e8s de Tempo Fl\u00fbte.\u00a0<\/strong><\/p>\n<ul>\n<li>Volume 1 : <em>Demersseman, virtuose de la fl\u00fbte et compositeur, vie et oeuvre de Jules Demersseman (1833-1866),<\/em> par Raymond Lapie.<\/li>\n<li>Volume 2 : <em>Theobald B\u00f6hm (1794-1886), les compositions et arrangements<\/em>, avec un index th\u00e9matique, par Pascal Gresset.<\/li>\n<\/ul>\n<p style=\"text-align: left;\"><strong>N\u00b010 (2\u00e8me semestre 2014)<\/strong><\/p>\n<ul>\n<li>Claude Lefebvre<\/li>\n<li>Concertos de Vivaldi<\/li>\n<li>Le Merle Noir<\/li>\n<li>Les fl\u00fbtes Eloy<\/li>\n<li>Vladimir Tsybine<\/li>\n<li>Le Pierreuse sur Internet (II)<\/li>\n<li>Le Festival de la C\u00f4te<\/li>\n<li>S\u00e9ville 2014.<\/li>\n<\/ul>\n<p><span style=\"font-weight: bold;\">N\u00b0 9 (1er semestre 2014)<\/span><\/p>\n<ul>\n<li>Gaspar Hoyos<\/li>\n<li>La for\u00eat enchant\u00e9e (II)<\/li>\n<li>Jacques Lef\u00e8vre et les fl\u00fbtes Jack Leff<\/li>\n<li>Ce Dubois dont on fait les fl\u00fbtes<\/li>\n<li>John Lemmon\u00e9<\/li>\n<li>Le Pierreuse sur Internet<\/li>\n<li>Les cent ans de Syrinx<\/li>\n<li>Les <em>petits trucs<\/em> de Michel Debost (II)<\/li>\n<li>Nos s\u00e9lections de CD, partitions, livres<\/li>\n<\/ul>\n<p style=\"text-align: left;\"><strong>N\u00b0 8 (2\u00e8me semestre 2013)<\/strong><\/p>\n<ul>\n<li>Jean Etienne.<\/li>\n<li>Mathilde Cald\u00e9rini, Ier prix \u00e0 Kob\u00e9<\/li>\n<li>Fl\u00fbtes Haynes : 125 ans.<\/li>\n<li>La for\u00eat enchant\u00e9e.<\/li>\n<li>La Stravaganza, librairie de la fl\u00fbte.<\/li>\n<li>Intrigue \u00e0 Ratisbonne.<\/li>\n<li>L&rsquo;\u00e9dition compl\u00e8te Theobald B\u00f6hm.<\/li>\n<li>Les <em>petits trucs<\/em> de Michel Debost.<\/li>\n<li>Nos s\u00e9lections de Cd, partitions, livres.<\/li>\n<\/ul>\n<p style=\"text-align: left;\"><strong>N\u00b07 (1er semestre 2013)<\/strong><\/p>\n<ul>\n<li>James Galway<\/li>\n<li>Le concerto pour fl\u00fbte de M.-A. Dalbavie<\/li>\n<li>Hommage \u00e0 Christian Lard\u00e9<\/li>\n<li>Michel Debost (II), discographie<\/li>\n<li>Rudolf Tillmetz<\/li>\n<li>Les compositions de T. B\u00f6hm<\/li>\n<li>La Quray<\/li>\n<li>Id\u00e9es de programme d&rsquo;examen (<a href=\"http:\/\/www.tempoflute.com\/wp-content\/uploads\/2013\/01\/Morceaux-dexamen-Pierre-Monty_num\u00e9ro-7.pdf\">Morceaux d&rsquo;examen<\/a>)<\/li>\n<li>S\u00e9lection de CD, partitions, livres.<\/li>\n<\/ul>\n<p><strong>Num\u00e9ro sp\u00e9cial (2\u00e8me semestre 2012) : Les 12 Fantaisies de Telemann<\/strong><\/p>\n<ul>\n<li>co-\u00e9dition <em>Tempo Fl\u00fbte<\/em> et <em>La Lettre du\u00a0hautbo\u00efste (2012)\u00a0, Les 12 fantaisies de G Ph Telemann,<\/em> 102 pages d&rsquo; histoire, analyse, notes, t\u00e9moignages, \u00e9ditions.<\/li>\n<\/ul>\n<p style=\"text-align: left;\"><strong>N\u00b06 (2\u00e8me semestre 2012)<\/strong><\/p>\n<ul>\n<li>Michel Debost (I)<\/li>\n<li>Le papillon et la fl\u00fbte<\/li>\n<li>Albert Cooper (II), T Wye et B. Brannen, deux points de vue<\/li>\n<li>L&rsquo;espace de convergences artistiques de l&rsquo;art musical au XIX\u00e8me Si\u00e8cle et T. B\u00f6hm<\/li>\n<li>C\u00e9cile Daroux, hommage (III)<\/li>\n<li>Actualit\u00e9 et exploration du r\u00e9pertoire p\u00e9dagogique <a href=\"http:\/\/www.tempoflute.com\/wp-content\/uploads\/2012\/07\/Extraits-du-r\u00e9pertoire-article-P.-Monty-Tempo-fl\u00fbte-n\u00b06.pdf\">Extraits du r\u00e9pertoire-article P. Monty- Tempo fl\u00fbte n\u00b06<\/a><\/li>\n<li>nos s\u00e9lections de disques et DVD<\/li>\n<\/ul>\n<p style=\"text-align: left;\"><strong>N\u00b05 (1er semestre 2012)<\/strong><\/p>\n<div id=\"_mcePaste\" style=\"position: absolute; left: -10000px; top: 100px; width: 1px; height: 1px; overflow-x: hidden; overflow-y: hidden;\">Mathieu Dufour, soliste \u00e0 Chicago.<\/div>\n<div id=\"_mcePaste\" style=\"position: absolute; left: -10000px; top: 100px; width: 1px; height: 1px; overflow-x: hidden; overflow-y: hidden;\">Le concours international Maxence Larrieu (II)<\/div>\n<div id=\"_mcePaste\" style=\"position: absolute; left: -10000px; top: 100px; width: 1px; height: 1px; overflow-x: hidden; overflow-y: hidden;\">Aborder la musique baroque (II)<\/div>\n<div id=\"_mcePaste\" style=\"position: absolute; left: -10000px; top: 100px; width: 1px; height: 1px; overflow-x: hidden; overflow-y: hidden;\">Gavotte en rondeau des Ballets du roi : de Lully ?<\/div>\n<div id=\"_mcePaste\" style=\"position: absolute; left: -10000px; top: 100px; width: 1px; height: 1px; overflow-x: hidden; overflow-y: hidden;\">Rondeau de Marin Marais (partition).<\/div>\n<div id=\"_mcePaste\" style=\"position: absolute; left: -10000px; top: 100px; width: 1px; height: 1px; overflow-x: hidden; overflow-y: hidden;\">Albert Cooper, le g\u00e9nie en habit de travail.<\/div>\n<div id=\"_mcePaste\" style=\"position: absolute; left: -10000px; top: 100px; width: 1px; height: 1px; overflow-x: hidden; overflow-y: hidden;\">Les fl\u00fbtes pr\u00e9historiques d&rsquo;Histuritz.<\/div>\n<div id=\"_mcePaste\" style=\"position: absolute; left: -10000px; top: 100px; width: 1px; height: 1px; overflow-x: hidden; overflow-y: hidden;\">C\u00e9cile Daroux &#8211; hommage (II).<\/div>\n<div id=\"_mcePaste\" style=\"position: absolute; left: -10000px; top: 100px; width: 1px; height: 1px; overflow-x: hidden; overflow-y: hidden;\">nos s\u00e9lections de CD et partitions.<\/div>\n<ul>\n<li>Mathieu Dufour, soliste \u00e0 Chicago.<\/li>\n<li>Le concours international Maxence Larrieu (II)<\/li>\n<li>Aborder la musique baroque (II)<\/li>\n<li><em>Gavotte en\u00a0rondeau\u00a0des Ballets du roi<\/em> : de Lully ?<\/li>\n<li>Rondeau de Marin Marais (partition).<\/li>\n<li>Albert Cooper, le g\u00e9nie en habit de travail.<\/li>\n<li>Les fl\u00fbtes pr\u00e9historiques d&rsquo;Histuritz.<\/li>\n<li>C\u00e9cile Daroux &#8211; hommage (II).<\/li>\n<li>nos s\u00e9lections de CD et partitions.<\/li>\n<\/ul>\n<p><strong>N\u00b04 (2\u00e8me semestre 2011)<\/strong><\/p>\n<ul>\n<li>Salvatore Faulisi (entretien)<\/li>\n<li>C\u00e9cile Daroux \u2013 Hommage (I)<\/li>\n<li>Jean-Louis Beaumadier (II) \u2013 Discographie<\/li>\n<li>Un homme et sa fl\u00fbte\u2026 Fernand Dufr\u00e8ne<\/li>\n<li>Aborder la musique baroque (I)<\/li>\n<li>La m\u00e9thode Alexander et les fl\u00fbtistes<\/li>\n<li>Le concours international Maxence Larrieu<\/li>\n<li>Lucien Durosoir et la fl\u00fbte<\/li>\n<li>T\u00e9moignages\u00a0: Ren\u00e9 Le Roy, Andr\u00e9 Jaunet<\/li>\n<li>Annonces, concours<\/li>\n<li>Nos s\u00e9lections de CD, partitions et livres<\/li>\n<\/ul>\n<p><strong>N\u00b03 (d\u00e9cembre 2010-mai 2011) <\/strong><\/p>\n<ul>\n<li>Jean-Louis Beaumadier (entretien)<\/li>\n<li>Les fl\u00fbtes traversi\u00e8re et \u00e0 bec dans les orchestres de Lully et Charpentier<\/li>\n<li>Des fl\u00fbtes anciennes et de leur restauration. Entretien avec Guy Collin<\/li>\n<li>Eug\u00e8ne Walckiers \u2013 Un homme de bien\u00a0: II. Le compositeur<\/li>\n<li>La fl\u00fbte de Jean-Marc Scoatariu. Premiers froissements d\u2019ailes d\u2019une fl\u00fbte inspir\u00e9e par des langages bien particuliers<\/li>\n<li>Un ant\u00e9c\u00e9dent\u00a0: la fl\u00fbte \u00e0 coulisse de Greta Vermeulen<\/li>\n<li>Quatre compositions pour fl\u00fbtes de Michel Sendrez<\/li>\n<li>Annonces, concours<\/li>\n<li>Nos s\u00e9lections de CD, partitions et livres<\/li>\n<\/ul>\n<p><strong>N\u00b02 (juin-novembre 2010)\u00a0:<\/strong><\/p>\n<ul>\n<li>Fr\u00e9d\u00e9ric Chatoux (entretien avec un soliste de l\u2019Op\u00e9ra de Paris)<\/li>\n<li>La nouvelle Sonate de Jean-Louis Gand<\/li>\n<li>Les Sonates de Bach\u00a0: une relecture<\/li>\n<li>Eug\u00e8ne Walckiers \u2013 Un homme de g\u00e9nie\u00a0: I. Les Sonates pour fl\u00fbte<\/li>\n<li>Gaubert et Le Roy en 1940<\/li>\n<li>La fl\u00fbte-canne de Taffanel, une prouesse oubli\u00e9e de Djalma Julliot<\/li>\n<li>Une facture m\u00e9ridionale\u00a0: les fl\u00fbtes du Palais Lascaris<\/li>\n<li>L\u2019extraordinaire Chevalier Rebsomen, officier de Napol\u00e9on et fl\u00fbtiste manchot<\/li>\n<li>Nos s\u00e9lections de DVD, CD, partitions et livres<\/li>\n<\/ul>\n<p><strong>N\u00b01 (d\u00e9cembre 2009-mai 2010) \u2013 \u00ab\u00a0 Sp\u00e9cial g\u00e9n\u00e9rations\u00a0\u00bb\u00a0:<\/strong><\/p>\n<ul>\n<li>Taffanel, la belle aventure d\u2019Edward Blakeman<\/li>\n<li>Peter-Lukas Graf\u00a0:\u00a0En l\u2019honneur de son 80<sup>e<\/sup> anniversaire,\u00a0G\u00fcnter Rumpel s\u2019entretient avec Peter-Lukas Graf, quelques dates, principales publications et discographie.<\/li>\n<\/ul>\n<ul>\n<li>Une p\u00e9dagogie expressive de la fl\u00fbte : l\u2019h\u00e9ritage d\u2019Alain Marion (<a href=\"http:\/\/instantencore.com\/music\/details.aspx?PId=5033980\"><strong> lien audio ici<\/strong><\/a>)<\/li>\n<li>Gladys Bouchet, une vie de p\u00e9dagogue \u00e9panouie<\/li>\n<li>Entretien avec Juliette Hurel<\/li>\n<li>Le fonds Ren\u00e9 Le Roy de la M\u00e9diath\u00e8que Musicale Mahler<\/li>\n<li>Nos s\u00e9lections de DVD, CD et partitions<\/li>\n<\/ul>\n<p>&nbsp;<\/p>\n<p><img loading=\"lazy\" decoding=\"async\" class=\"alignleft size-medium wp-image-1059\" src=\"http:\/\/www.tempoflute.com\/wp-content\/uploads\/2017\/07\/tempo-flute-titre-logo-300x220.jpg\" alt=\"\" width=\"300\" height=\"220\" srcset=\"http:\/\/www.tempoflute.com\/wp-content\/uploads\/2017\/07\/tempo-flute-titre-logo-300x220.jpg 300w, http:\/\/www.tempoflute.com\/wp-content\/uploads\/2017\/07\/tempo-flute-titre-logo.jpg 818w\" sizes=\"auto, (max-width: 300px) 100vw, 300px\" \/><\/p>\n","protected":false},"excerpt":{"rendered":"<p>Tempo fl\u00fbte est la revue semestrielle de l\u2019association \u00ab\u00a0Tempo fl\u00fbte-association d\u2019histoire de la fl\u00fbte fran\u00e7aise \u00bb. Une revue semestrielle de 64 pages en couleurs, 22 num\u00e9ros publi\u00e9s de 2009 \u00e0 2020. L&rsquo;association continue \u00e0 \u00e9diter des num\u00e9ros sp\u00e9ciaux \u00e0 th\u00e8me : Telemann (2012), Demersseman (2014), B\u00f6hm (2014), Bourdin (2023-2025), Morceaux d&rsquo;ensemble du Conservatoire, 1844-1857 (2025), [&hellip;]<\/p>\n","protected":false},"author":1,"featured_media":0,"parent":0,"menu_order":0,"comment_status":"closed","ping_status":"closed","template":"","meta":{"footnotes":""},"class_list":["post-7","page","type-page","status-publish","hentry"],"_links":{"self":[{"href":"http:\/\/www.tempoflute.com\/index.php?rest_route=\/wp\/v2\/pages\/7","targetHints":{"allow":["GET"]}}],"collection":[{"href":"http:\/\/www.tempoflute.com\/index.php?rest_route=\/wp\/v2\/pages"}],"about":[{"href":"http:\/\/www.tempoflute.com\/index.php?rest_route=\/wp\/v2\/types\/page"}],"author":[{"embeddable":true,"href":"http:\/\/www.tempoflute.com\/index.php?rest_route=\/wp\/v2\/users\/1"}],"replies":[{"embeddable":true,"href":"http:\/\/www.tempoflute.com\/index.php?rest_route=%2Fwp%2Fv2%2Fcomments&post=7"}],"version-history":[{"count":135,"href":"http:\/\/www.tempoflute.com\/index.php?rest_route=\/wp\/v2\/pages\/7\/revisions"}],"predecessor-version":[{"id":1486,"href":"http:\/\/www.tempoflute.com\/index.php?rest_route=\/wp\/v2\/pages\/7\/revisions\/1486"}],"wp:attachment":[{"href":"http:\/\/www.tempoflute.com\/index.php?rest_route=%2Fwp%2Fv2%2Fmedia&parent=7"}],"curies":[{"name":"wp","href":"https:\/\/api.w.org\/{rel}","templated":true}]}}